{"id":5274,"date":"2023-12-02T12:28:28","date_gmt":"2023-12-02T12:28:28","guid":{"rendered":"https:\/\/md-konstrukcije.hr\/kontakt\/"},"modified":"2024-01-17T10:22:04","modified_gmt":"2024-01-17T10:22:04","slug":"kontakt","status":"publish","type":"page","link":"https:\/\/md-konstrukcije.hr\/de\/kontakt\/","title":{"rendered":"Kontakt"},"content":{"rendered":"\n<h6 class=\"wp-block-heading\">SITZ<\/h6>\n\n<p><strong>MD konstrukcije d.o.o.<\/strong><br\/>Ulica kardinala Franje Kuhari\u0107a 19<br\/>10430 Samobor<br\/>Tel: +385 1 7777 300<br\/>Fax: +385 1 7777 308<br\/>E-mail: <a href=\"mailto:info@md-konstrukcije.hr\">info@md-konstrukcije.hr<\/a><\/p>\n\n<div class=\"wp-block-columns is-layout-flex wp-container-core-columns-is-layout-9d6595d7 wp-block-columns-is-layout-flex\">\n<div class=\"wp-block-column is-layout-flow wp-block-column-is-layout-flow\">\n<h6 class=\"wp-block-heading\">GESCHAFTSFUHRUNG<\/h6>\n\n\n\n<p><strong>Bojana Becker<\/strong><br\/>Tel: +385 1 7777 300<br\/>E-mail: <a href=\"mailto:bojana@md-konstrukcije.hr\">uprava@md-konstrukcije.hr<\/a><\/p>\n<\/div>\n\n\n\n<div class=\"wp-block-column is-layout-flow wp-block-column-is-layout-flow\">\n<figure class=\"wp-block-image size-full\"><img loading=\"lazy\" decoding=\"async\" width=\"200\" height=\"133\" src=\"https:\/\/md-konstrukcije.hr\/wp-content\/uploads\/2023\/12\/bojana.jpg\" alt=\"\" class=\"wp-image-5121\"\/><\/figure>\n<\/div>\n<\/div>\n\n<div class=\"wp-block-columns is-layout-flex wp-container-core-columns-is-layout-9d6595d7 wp-block-columns-is-layout-flex\">\n<div class=\"wp-block-column is-layout-flow wp-block-column-is-layout-flow\">\n<h6 class=\"wp-block-heading\">SECRETARY<\/h6>\n\n\n\n<p><strong>Morana Cerov\u0161ek<\/strong><br\/>Tel: +385 1 7777 300<br\/>Mob: +385 99 489 0605<br\/>E-mail: <a href=\"mailto:morana@md-konstrukcije.hr\">info@md-konstrukcije.hr<\/a><\/p>\n<\/div>\n\n\n\n<div class=\"wp-block-column is-layout-flow wp-block-column-is-layout-flow\">\n<figure class=\"wp-block-image size-full\"><img loading=\"lazy\" decoding=\"async\" width=\"200\" height=\"133\" src=\"https:\/\/md-konstrukcije.hr\/wp-content\/uploads\/2023\/12\/morana.jpg\" alt=\"\" class=\"wp-image-5124\"\/><\/figure>\n<\/div>\n<\/div>\n\n<div class=\"wp-block-columns is-layout-flex wp-container-core-columns-is-layout-9d6595d7 wp-block-columns-is-layout-flex\">\n<div class=\"wp-block-column is-layout-flow wp-block-column-is-layout-flow\">\n<h6 class=\"wp-block-heading\">VERKAUF, PLANNUNG UND DESIGN<\/h6>\n\n\n\n<p><strong>Dra\u017een Becker<\/strong><br\/>Tel: +385 99 212 9692<br\/>E-mail: <a href=\"mailto:%20drazen@md-konstrukcije.hr\">uprava@md-konstrukcije.hr<\/a><\/p>\n\n\n\n<p>Poduzetni\u010dka zona Jug \u2013 Kotoriba<br\/>40 329 Kotoriba<\/p>\n<\/div>\n\n\n\n<div class=\"wp-block-column is-layout-flow wp-block-column-is-layout-flow\">\n<figure class=\"wp-block-image size-full\"><img loading=\"lazy\" decoding=\"async\" width=\"200\" height=\"133\" src=\"https:\/\/md-konstrukcije.hr\/wp-content\/uploads\/2023\/12\/drazen.jpg\" alt=\"\" class=\"wp-image-5127\"\/><\/figure>\n<\/div>\n<\/div>\n\n<p class=\"has-text-align-center\">OIB: 05357091276 | MB: 1538128 | IBAN: HR3024840081104960953 | SWIFT (BIC): RZBH HR2X | Banka: Raiffeisenbank Austria d.d. Zagreb<\/p>\n\n<div class=\"wp-block-contact-form-7-contact-form-selector\">\n<div class=\"wpcf7 no-js\" id=\"wpcf7-f5907-o1\" lang=\"de-DE\" dir=\"ltr\" data-wpcf7-id=\"5907\">\n<div class=\"screen-reader-response\"><p role=\"status\" aria-live=\"polite\" aria-atomic=\"true\"><\/p> <ul><\/ul><\/div>\n<form action=\"\/de\/wp-json\/wp\/v2\/pages\/5274#wpcf7-f5907-o1\" method=\"post\" class=\"wpcf7-form init wpcf7-acceptance-as-validation\" aria-label=\"Kontaktformular\" novalidate=\"novalidate\" data-status=\"init\">\n<div style=\"display: none;\">\n<input type=\"hidden\" name=\"_wpcf7\" value=\"5907\" \/>\n<input type=\"hidden\" name=\"_wpcf7_version\" value=\"6.0.2\" \/>\n<input type=\"hidden\" name=\"_wpcf7_locale\" value=\"de_DE\" \/>\n<input type=\"hidden\" name=\"_wpcf7_unit_tag\" value=\"wpcf7-f5907-o1\" \/>\n<input type=\"hidden\" name=\"_wpcf7_container_post\" value=\"0\" \/>\n<input type=\"hidden\" name=\"_wpcf7_posted_data_hash\" value=\"\" \/>\n<input type=\"hidden\" name=\"_wpcf7_recaptcha_response\" value=\"\" \/>\n<\/div>\n<div class=\"col-half\">\n\t<p><label> Name und Vorname *<br \/>\n<span class=\"wpcf7-form-control-wrap\" data-name=\"your-name\"><input size=\"40\" maxlength=\"400\" class=\"wpcf7-form-control wpcf7-text wpcf7-validates-as-required\" autocomplete=\"name\" aria-required=\"true\" aria-invalid=\"false\" value=\"\" type=\"text\" name=\"your-name\" \/><\/span> <\/label>\n\t<\/p>\n\t<p><label> E-mail *<br \/>\n<span class=\"wpcf7-form-control-wrap\" data-name=\"your-email\"><input size=\"40\" maxlength=\"400\" class=\"wpcf7-form-control wpcf7-email wpcf7-validates-as-required wpcf7-text wpcf7-validates-as-email\" autocomplete=\"email\" aria-required=\"true\" aria-invalid=\"false\" value=\"\" type=\"email\" name=\"your-email\" \/><\/span> <\/label>\n\t<\/p>\n\t<p><label> Telefon *<br \/>\n<span class=\"wpcf7-form-control-wrap\" data-name=\"phone\"><input size=\"40\" maxlength=\"400\" class=\"wpcf7-form-control wpcf7-text wpcf7-validates-as-required\" aria-required=\"true\" aria-invalid=\"false\" value=\"\" type=\"text\" name=\"phone\" \/><\/span> <\/label>\n\t<\/p>\n\t<p><label> Handy<br \/>\n<span class=\"wpcf7-form-control-wrap\" data-name=\"mobile\"><input size=\"40\" maxlength=\"400\" class=\"wpcf7-form-control wpcf7-text\" aria-invalid=\"false\" value=\"\" type=\"text\" name=\"mobile\" \/><\/span> <\/label>\n\t<\/p>\n\t<p><label> Name des Unternehmens<br \/>\n<span class=\"wpcf7-form-control-wrap\" data-name=\"poduzece\"><input size=\"40\" maxlength=\"400\" class=\"wpcf7-form-control wpcf7-text\" aria-invalid=\"false\" value=\"\" type=\"text\" name=\"poduzece\" \/><\/span> <\/label>\n\t<\/p>\n\t<p><label> Zweck<br \/>\n<span class=\"wpcf7-form-control-wrap\" data-name=\"namjena\"><input size=\"40\" maxlength=\"400\" class=\"wpcf7-form-control wpcf7-text\" aria-invalid=\"false\" value=\"\" type=\"text\" name=\"namjena\" \/><\/span> <\/label>\n\t<\/p>\n<\/div>\n<div class=\"col-half\">\n\t<p><label> Abmessungen (Breite, L\u00e4nge, H\u00f6he)<br \/>\n<span class=\"wpcf7-form-control-wrap\" data-name=\"dimenzije\"><input size=\"40\" maxlength=\"400\" class=\"wpcf7-form-control wpcf7-text\" aria-invalid=\"false\" value=\"\" type=\"text\" name=\"dimenzije\" \/><\/span> <\/label>\n\t<\/p>\n\t<p><label> Nachricht *<br \/>\n<span class=\"wpcf7-form-control-wrap\" data-name=\"your-message\"><textarea cols=\"40\" rows=\"10\" maxlength=\"2000\" class=\"wpcf7-form-control wpcf7-textarea wpcf7-validates-as-required\" aria-required=\"true\" aria-invalid=\"false\" name=\"your-message\"><\/textarea><\/span> <\/label>\n\t<\/p>\n\t<p><span class=\"wpcf7-form-control-wrap\" data-name=\"acceptance-709\"><span class=\"wpcf7-form-control wpcf7-acceptance\"><span class=\"wpcf7-list-item\"><label><input type=\"checkbox\" name=\"acceptance-709\" value=\"1\" aria-invalid=\"false\" \/><span class=\"wpcf7-list-item-label\">Ich bin damit einverstanden, dass meine Speicherdaten gelegentlich f\u00fcr den Versand von Newslettern und anderen Werbe-E-Mails verwendet werden. Ich verstehe, dass ich zu jeder Zeit jederzeit aus meiner E-Mail-Liste drucken kann, Zugriff auf meine Daten anfordern und sie auf Wunsch bearbeiten oder dauerhaft aus Ihrer Datenbank entfernen kann.<\/span><\/label><\/span><\/span><\/span>\n\t<\/p>\n\t<p>Die Kontaktinformationen, die \u00fcber dieses Formular gesammelt werden, werden nicht ver\u00f6ffentlicht oder f\u00fcr andere Zwecke als die Beantwortung Ihrer Anfrage verwendet!<br \/>\nLesen Sie unsere Datenschutzrichtlinie <a href=\"\/wp-content\/uploads\/2024\/01\/pravila_privatnosti_hr.pdf\" target=\"_blank\">hier<\/a>.\n\t<\/p>\n\t<p><input class=\"wpcf7-form-control wpcf7-submit has-spinner\" type=\"submit\" value=\"Po\u0161alji\" \/>\n\t<\/p>\n<\/div><div class=\"wpcf7-response-output\" aria-hidden=\"true\"><\/div>\n<\/form>\n<\/div>\n<\/div>\n","protected":false},"excerpt":{"rendered":"<p>SITZ MD konstrukcije d.o.o.Ulica kardinala Franje Kuhari\u0107a 1910430 SamoborTel: +385 1 7777 300Fax: +385 1 7777 308E-mail: info@md-konstrukcije.hr GESCHAFTSFUHRUNG Bojana [&hellip;]<\/p>\n","protected":false},"author":1,"featured_media":0,"parent":0,"menu_order":0,"comment_status":"closed","ping_status":"closed","template":"","meta":{"footnotes":""},"class_list":["post-5274","page","type-page","status-publish","hentry"],"aioseo_notices":[],"_links":{"self":[{"href":"https:\/\/md-konstrukcije.hr\/de\/wp-json\/wp\/v2\/pages\/5274","targetHints":{"allow":["GET"]}}],"collection":[{"href":"https:\/\/md-konstrukcije.hr\/de\/wp-json\/wp\/v2\/pages"}],"about":[{"href":"https:\/\/md-konstrukcije.hr\/de\/wp-json\/wp\/v2\/types\/page"}],"author":[{"embeddable":true,"href":"https:\/\/md-konstrukcije.hr\/de\/wp-json\/wp\/v2\/users\/1"}],"replies":[{"embeddable":true,"href":"https:\/\/md-konstrukcije.hr\/de\/wp-json\/wp\/v2\/comments?post=5274"}],"version-history":[{"count":2,"href":"https:\/\/md-konstrukcije.hr\/de\/wp-json\/wp\/v2\/pages\/5274\/revisions"}],"predecessor-version":[{"id":5906,"href":"https:\/\/md-konstrukcije.hr\/de\/wp-json\/wp\/v2\/pages\/5274\/revisions\/5906"}],"wp:attachment":[{"href":"https:\/\/md-konstrukcije.hr\/de\/wp-json\/wp\/v2\/media?parent=5274"}],"curies":[{"name":"wp","href":"https:\/\/api.w.org\/{rel}","templated":true}]}}