{"id":5267,"date":"2023-12-02T11:36:27","date_gmt":"2023-12-02T11:36:27","guid":{"rendered":"https:\/\/md-konstrukcije.hr\/sonstige-konstruktionen\/"},"modified":"2023-12-03T05:50:47","modified_gmt":"2023-12-03T05:50:47","slug":"sonstige-konstruktionen","status":"publish","type":"page","link":"https:\/\/md-konstrukcije.hr\/de\/sonstige-konstruktionen\/","title":{"rendered":"SONSTIGE KONSTRUKTIONEN"},"content":{"rendered":"\n<figure class=\"wp-block-image size-full industry-image\"><img loading=\"lazy\" decoding=\"async\" width=\"600\" height=\"410\" src=\"https:\/\/md-konstrukcije.hr\/wp-content\/uploads\/2023\/12\/ostale-right-1.jpg\" alt=\"\" class=\"wp-image-5100\" srcset=\"https:\/\/md-konstrukcije.hr\/wp-content\/uploads\/2023\/12\/ostale-right-1.jpg 600w, https:\/\/md-konstrukcije.hr\/wp-content\/uploads\/2023\/12\/ostale-right-1-300x205.jpg 300w\" sizes=\"auto, (max-width: 600px) 100vw, 600px\" \/><\/figure>\n\n\n\n<p><strong><u>SPORTHALLEN<\/u><\/strong><\/p>\n\n\n\n<p>MD konstrukcije verwendet f\u00fcr all seine Konstruktionen qualitative und gepr\u00fcfte Materialien. Einer der besten Stahllieferanten auf diesem Gebiet ist die BIDD Samobor d.o.o. Das Angebot von MD konstrukcije umfasst funktionale beheizte und gek\u00fchlte Stahlkonstruktionen f\u00fcr verschiedene Sportaktivit\u00e4ten:\u200b\u200b\u00a0Fu\u00dfball,\u200b Hockey, Handball,\u00a0\u200bBoule,\u00a0\u200bTennis.<\/p>\n\n\n\n<p class=\"clear\"><em><strong>Die Sporthallen statten wir mit unterschiedlichen Bodenbel\u00e4gen aus:<\/strong><\/em><\/p>\n\n\n\n<p><em><strong>Kunstgrass<br>Teppich<br>Polyurethan-Bodenbelag<\/strong><\/em><\/p>\n\n\n\n<p>Alle Baukonstruktionen sind wind- und schneebest\u00e4ndig.<\/p>\n\n\n\n<p>Sporthallen k\u00f6nnen nach den Bed\u00fcrfnissen der verschiedenen Sportaktivit\u00e4ten und gro\u00dfer Veranstaltungen ge\u00e4ndert werden. Eine hervorragende Wahl f\u00fcr Sportaktivit\u00e4ten, welche eine gro\u00dfe freie Fl\u00e4che ohne St\u00fctzpfeiler erfordern. Die Halle kann auch mittels PVC-Trennw\u00e4nden oder Netzen in mehrere kleinere Objekte ausgeteilt werden, so dass in der Halle unterschiedliche Sportaktivit\u00e4ten zur gleichen Zeit stattfinden k\u00f6nnen.<\/p>\n\n\n\n<p class=\"clear\"><strong>\u00dcBERDACHUNGEN<\/strong><\/p>\n\n\n\n<p>Unser Angebot umfasst eine breite Palette an Dienstleistungen, welche die Herstellung und Montage von \u00dcberdachungen an Gesch\u00e4ftsgeb\u00e4uden umfasst, welche an die W\u00fcnsche des Auftraggebers angepasst werden.<\/p>\n\n\n\n<p>Durch die Montage neuer und die Erweiterung bestehender \u00dcberdachungen an Gesch\u00e4ftsgeb\u00e4uden, welche nach den spezifischen Anforderungen des Auftraggebers ausgef\u00fchrt werden, stellen wir ein Schutz vor schlechtem Wetter sicher.<\/p>\n\n\n\n<p><strong>MONTAGE<\/strong><\/p>\n\n\n\n<p>Wir sind in der Lage Hallen mit verschiedenen Formen und Dimensionen f\u00fcr s\u00e4mtliche Zwecke herzustellen und zu montieren. Die Halle kann ab- und wieder neu aufgebaut oder als Ganzes an einen anderen Standort verlegt werden. Die Hallen sind sehr anpassungsf\u00e4hig und k\u00f6nnen die bestehenden Objekte erweitert werden.<\/p>\n\n\n\n<p>Die Verankerungstechnik mit einer Stahlstange stellt einen Faktor f\u00fcr die schnelle Errichtung der Halle dar und stellt die Stabilit\u00e4t unter ganz gleich welchen Bedingungen sicher.<\/p>\n\n\n\n<p>Sie k\u00f6nnen in der Regel auf Asphalt oder Beton errichtet werden.<\/p>\n\n\n\n<a href=\"http:\/\/www.bidd-samobor.hr\/\" class=\"image-link-a\"><img loading=\"lazy\" decoding=\"async\" width=\"168\" height=\"45\" src=\"https:\/\/md-konstrukcije.hr\/wp-content\/uploads\/2023\/12\/bidd-samoboc-1.png\" alt=\"\" class=\"wp-image-5103\"\/><\/a>\n\n\n\n<div class=\"gallery\"><script>const galleryHTML = \"&lt;div class=\\\"gallery-image\\\" style=\\\"background-image:url(https:\/\/md-konstrukcije.hr\/wp-content\/uploads\/2023\/12\/ostale-1-1.jpg)\\\">&lt;\/div>&lt;div class=\\\"gallery-image\\\" style=\\\"background-image:url(https:\/\/md-konstrukcije.hr\/wp-content\/uploads\/2023\/12\/ostale-2-1.jpg)\\\">&lt;\/div>&lt;div class=\\\"gallery-image\\\" style=\\\"background-image:url(https:\/\/md-konstrukcije.hr\/wp-content\/uploads\/2023\/12\/ostale-3-1.jpg)\\\">&lt;\/div>&lt;div class=\\\"gallery-image\\\" style=\\\"background-image:url(https:\/\/md-konstrukcije.hr\/wp-content\/uploads\/2023\/12\/ostale-4-1.jpg)\\\">&lt;\/div>&lt;div class=\\\"gallery-image\\\" style=\\\"background-image:url(https:\/\/md-konstrukcije.hr\/wp-content\/uploads\/2023\/12\/ostale-5-1.jpg)\\\">&lt;\/div>&lt;div class=\\\"gallery-image\\\" style=\\\"background-image:url(https:\/\/md-konstrukcije.hr\/wp-content\/uploads\/2023\/12\/ostale-6-1.jpg)\\\">&lt;\/div>\"<\/script><div class=\"container\"><h2>Galerija<\/h2><div class=\"images\"><\/div><\/div><\/div>\n\n\n\n<div class=\"wp-block-group youtube-box\"><div class=\"wp-block-group__inner-container is-layout-constrained wp-block-group-is-layout-constrained\">\n<div class=\"wp-block-group container\"><div class=\"wp-block-group__inner-container is-layout-constrained wp-block-group-is-layout-constrained\">\n<h2 class=\"wp-block-heading\">Youtube<\/h2>\n\n\n\n<div id=\"youtube-video-holder\">\n   <iframe loading=\"lazy\" width=\"100%\" height=\"100%\" src=\"https:\/\/www.youtube.com\/embed\/eH3mmINfGmc?rel=0&#038;showinfo=1\" frameborder=\"0\" gesture=\"media\" allow=\"encrypted-media\" allowfullscreen=\"\"><\/iframe>\n<\/div>\n<\/div><\/div>\n<\/div><\/div>\n","protected":false},"excerpt":{"rendered":"<p>SPORTHALLEN MD konstrukcije verwendet f\u00fcr all seine Konstruktionen qualitative und gepr\u00fcfte Materialien. Einer der besten Stahllieferanten auf diesem Gebiet ist [&hellip;]<\/p>\n","protected":false},"author":1,"featured_media":0,"parent":0,"menu_order":0,"comment_status":"closed","ping_status":"closed","template":"","meta":{"footnotes":""},"class_list":["post-5267","page","type-page","status-publish","hentry"],"aioseo_notices":[],"_links":{"self":[{"href":"https:\/\/md-konstrukcije.hr\/de\/wp-json\/wp\/v2\/pages\/5267","targetHints":{"allow":["GET"]}}],"collection":[{"href":"https:\/\/md-konstrukcije.hr\/de\/wp-json\/wp\/v2\/pages"}],"about":[{"href":"https:\/\/md-konstrukcije.hr\/de\/wp-json\/wp\/v2\/types\/page"}],"author":[{"embeddable":true,"href":"https:\/\/md-konstrukcije.hr\/de\/wp-json\/wp\/v2\/users\/1"}],"replies":[{"embeddable":true,"href":"https:\/\/md-konstrukcije.hr\/de\/wp-json\/wp\/v2\/comments?post=5267"}],"version-history":[{"count":2,"href":"https:\/\/md-konstrukcije.hr\/de\/wp-json\/wp\/v2\/pages\/5267\/revisions"}],"predecessor-version":[{"id":5270,"href":"https:\/\/md-konstrukcije.hr\/de\/wp-json\/wp\/v2\/pages\/5267\/revisions\/5270"}],"wp:attachment":[{"href":"https:\/\/md-konstrukcije.hr\/de\/wp-json\/wp\/v2\/media?parent=5267"}],"curies":[{"name":"wp","href":"https:\/\/api.w.org\/{rel}","templated":true}]}}