{"id":5261,"date":"2023-12-02T11:34:00","date_gmt":"2023-12-02T11:34:00","guid":{"rendered":"https:\/\/md-konstrukcije.hr\/flugzeug-hanger\/"},"modified":"2024-01-16T08:20:38","modified_gmt":"2024-01-16T08:20:38","slug":"flugzeug-hanger","status":"publish","type":"page","link":"https:\/\/md-konstrukcije.hr\/de\/flugzeug-hanger\/","title":{"rendered":"FLUGZEUG-HANGER"},"content":{"rendered":"\n<figure class=\"wp-block-image size-full industry-image\"><img loading=\"lazy\" decoding=\"async\" width=\"600\" height=\"410\" src=\"https:\/\/md-konstrukcije.hr\/wp-content\/uploads\/2023\/12\/avio-right.jpg\" alt=\"\" class=\"wp-image-233\" srcset=\"https:\/\/md-konstrukcije.hr\/wp-content\/uploads\/2023\/12\/avio-right.jpg 600w, https:\/\/md-konstrukcije.hr\/wp-content\/uploads\/2023\/12\/avio-right-300x205.jpg 300w\" sizes=\"auto, (max-width: 600px) 100vw, 600px\" \/><\/figure>\n\n\n\n<p><strong>Die Flughafen-Hallen k\u00f6nnen gem\u00e4\u00df Ihren Erfordernissen ge\u00e4ndert werden!<\/strong><\/p>\n\n\n\n<p><strong>Wir haben au\u00dfergew\u00f6hnlich viele Erfahrungen bei der Errichtung von Flugzeug-Hangern im In- und Ausland gesammelt. <\/strong><\/p>\n\n\n\n<p>Jede Halle ist ma\u00dfgefertigt und den lokalen Bedingungen hinsichtlich der Windst\u00e4rke und der Schneebelastung angepasst. Ebenso passen wir den Typ und die Gr\u00f6\u00dfe der \u00d6ffnungen den Erfordernissen f\u00fcr den Zutritt von Menschen, Maschinen und Materialien an. Es kann zwischen Schiebet\u00fcren, Sektionalt\u00fcren, Fu\u00dfg\u00e4ngert\u00fcren und weite T\u00fcren f\u00fcr Flugmaschinen gew\u00e4hlt werden. Leicht zu handhabende PVC-Schiebet\u00fcren k\u00f6nnen an der Giebelseite oder seitlich angebracht werden.<\/p>\n\n\n\n<p>PVC klizna vrata kojima se lako rukuje, mogu biti smje\u0161tena na zabatima ili bo\u010dno.<\/p>\n\n\n\n<div class=\"gallery\"><script>const galleryHTML = \"&lt;div class=\\\"gallery-image\\\" style=\\\"background-image:url(https:\/\/md-konstrukcije.hr\/wp-content\/uploads\/2024\/01\/dsc02243.jpg)\\\">&lt;\/div>&lt;div class=\\\"gallery-image\\\" style=\\\"background-image:url(https:\/\/md-konstrukcije.hr\/wp-content\/uploads\/2024\/01\/5648129559482926351557205361_dsc04782.jpg)\\\">&lt;\/div>&lt;div class=\\\"gallery-image\\\" style=\\\"background-image:url(https:\/\/md-konstrukcije.hr\/wp-content\/uploads\/2024\/01\/15450402651094104344178392202_video2.jpg)\\\">&lt;\/div>&lt;div class=\\\"gallery-image\\\" style=\\\"background-image:url(https:\/\/md-konstrukcije.hr\/wp-content\/uploads\/2024\/01\/b-166-.jpg)\\\">&lt;\/div>&lt;div class=\\\"gallery-image\\\" style=\\\"background-image:url(https:\/\/md-konstrukcije.hr\/wp-content\/uploads\/2024\/01\/imgp1522.jpg)\\\">&lt;\/div>&lt;div class=\\\"gallery-image\\\" style=\\\"background-image:url(https:\/\/md-konstrukcije.hr\/wp-content\/uploads\/2024\/01\/mali-hangar-u-afganistanu.jpg)\\\">&lt;\/div>&lt;div class=\\\"gallery-image\\\" style=\\\"background-image:url(https:\/\/md-konstrukcije.hr\/wp-content\/uploads\/2024\/01\/20525695172247750152094611943_video.jpg)\\\">&lt;\/div>&lt;div class=\\\"gallery-image\\\" style=\\\"background-image:url(https:\/\/md-konstrukcije.hr\/wp-content\/uploads\/2024\/01\/b-323-.jpg)\\\">&lt;\/div>&lt;div class=\\\"gallery-image\\\" style=\\\"background-image:url(https:\/\/md-konstrukcije.hr\/wp-content\/uploads\/2024\/01\/imgp1187.jpg)\\\">&lt;\/div>&lt;div class=\\\"gallery-image\\\" style=\\\"background-image:url(https:\/\/md-konstrukcije.hr\/wp-content\/uploads\/2024\/01\/057.jpg)\\\">&lt;\/div>&lt;div class=\\\"gallery-image\\\" style=\\\"background-image:url(https:\/\/md-konstrukcije.hr\/wp-content\/uploads\/2024\/01\/48136585859253827505413313_za-video.jpg)\\\">&lt;\/div>&lt;div class=\\\"gallery-image\\\" style=\\\"background-image:url(https:\/\/md-konstrukcije.hr\/wp-content\/uploads\/2024\/01\/b-367-.jpg)\\\">&lt;\/div>&lt;div class=\\\"gallery-image\\\" style=\\\"background-image:url(https:\/\/md-konstrukcije.hr\/wp-content\/uploads\/2024\/01\/mali-hangar-2-u-afganistanu.jpg)\\\">&lt;\/div>&lt;div class=\\\"gallery-image\\\" style=\\\"background-image:url(https:\/\/md-konstrukcije.hr\/wp-content\/uploads\/2024\/01\/b-557-.jpg)\\\">&lt;\/div>\"<\/script><div class=\"container\"><h2>Galerija<\/h2><div class=\"images\"><\/div><\/div><\/div>\n\n\n\n<div class=\"wp-block-group youtube-box\"><div class=\"wp-block-group__inner-container is-layout-constrained wp-block-group-is-layout-constrained\">\n<div class=\"wp-block-group container\"><div class=\"wp-block-group__inner-container is-layout-constrained wp-block-group-is-layout-constrained\">\n<h2 class=\"wp-block-heading\">Youtube<\/h2>\n\n\n\n<div id=\"youtube-video-holder\">\n<iframe loading=\"lazy\" width=\"100%\" height=\"100%\" src=\"https:\/\/www.youtube.com\/embed\/4XbgJSz3JXA?rel=0&#038;showinfo=1\" frameborder=\"0\" gesture=\"media\" allow=\"encrypted-media\" allowfullscreen=\"\"><\/iframe>\n<\/div>\n<\/div><\/div>\n<\/div><\/div>\n","protected":false},"excerpt":{"rendered":"<p>Die Flughafen-Hallen k\u00f6nnen gem\u00e4\u00df Ihren Erfordernissen ge\u00e4ndert werden! Wir haben au\u00dfergew\u00f6hnlich viele Erfahrungen bei der Errichtung von Flugzeug-Hangern im In- [&hellip;]<\/p>\n","protected":false},"author":1,"featured_media":0,"parent":0,"menu_order":0,"comment_status":"closed","ping_status":"closed","template":"","meta":{"footnotes":""},"class_list":["post-5261","page","type-page","status-publish","hentry"],"aioseo_notices":[],"_links":{"self":[{"href":"https:\/\/md-konstrukcije.hr\/de\/wp-json\/wp\/v2\/pages\/5261","targetHints":{"allow":["GET"]}}],"collection":[{"href":"https:\/\/md-konstrukcije.hr\/de\/wp-json\/wp\/v2\/pages"}],"about":[{"href":"https:\/\/md-konstrukcije.hr\/de\/wp-json\/wp\/v2\/types\/page"}],"author":[{"embeddable":true,"href":"https:\/\/md-konstrukcije.hr\/de\/wp-json\/wp\/v2\/users\/1"}],"replies":[{"embeddable":true,"href":"https:\/\/md-konstrukcije.hr\/de\/wp-json\/wp\/v2\/comments?post=5261"}],"version-history":[{"count":4,"href":"https:\/\/md-konstrukcije.hr\/de\/wp-json\/wp\/v2\/pages\/5261\/revisions"}],"predecessor-version":[{"id":5638,"href":"https:\/\/md-konstrukcije.hr\/de\/wp-json\/wp\/v2\/pages\/5261\/revisions\/5638"}],"wp:attachment":[{"href":"https:\/\/md-konstrukcije.hr\/de\/wp-json\/wp\/v2\/media?parent=5261"}],"curies":[{"name":"wp","href":"https:\/\/api.w.org\/{rel}","templated":true}]}}