{"id":5249,"date":"2023-12-02T11:30:58","date_gmt":"2023-12-02T11:30:58","guid":{"rendered":"https:\/\/md-konstrukcije.hr\/industriehallen\/"},"modified":"2023-12-02T18:51:05","modified_gmt":"2023-12-02T18:51:05","slug":"industriehallen","status":"publish","type":"page","link":"https:\/\/md-konstrukcije.hr\/de\/industriehallen\/","title":{"rendered":"Industriehallen"},"content":{"rendered":"\n<p><strong><u>Proizvodne hale<\/u><\/strong><\/p>\n\n\n\n<figure class=\"wp-block-image size-full industry-image\"><img loading=\"lazy\" decoding=\"async\" width=\"600\" height=\"398\" src=\"https:\/\/md-konstrukcije.hr\/wp-content\/uploads\/2023\/12\/hale-right.jpg\" alt=\"\" class=\"wp-image-222\" srcset=\"https:\/\/md-konstrukcije.hr\/wp-content\/uploads\/2023\/12\/hale-right.jpg 600w, https:\/\/md-konstrukcije.hr\/wp-content\/uploads\/2023\/12\/hale-right-300x199.jpg 300w\" sizes=\"auto, (max-width: 600px) 100vw, 600px\" \/><\/figure>\n\n\n\n<p>MD konstrukcije bietet auch Industriehallen an, welche eine praktische L\u00f6sung f\u00fcr eine gro\u00dfe Auswahl von Industrieanlangen darstellen. Industriehallen k\u00f6nnen als Herstellungsobjekt f\u00fcr die unterschiedlichsten Produkte dienen. Ebenso wie die Industriezelte haben auch die Industriehallen keine St\u00fctzpfeiler, was die Nutzung des gesamten Raumes zu Herstellungszwecken erm\u00f6glicht. MD konstrukcije bietet seinen Kunden auch die M\u00f6glichkeit, Herstellungs- und Lagerr\u00e4ume zu kombinieren, indem das Objekt mithilfe von Trennw\u00e4nden in zwei R\u00e4ume aufgeteilt wird. Die Hallen k\u00f6nnen mit Blech oder Paneelen unseres gepr\u00fcften Lieferanten Lim Mont d.o.o., welcher die Qualit\u00e4t seiner Produkte sicherstellt, verkleidet werden.<\/p>\n\n\n\n<p>Md konstrukcije bietet seinen Kunden individuellen Zugang sowie folgende M\u00f6glichkeiten an:<\/p>\n\n\n\n<p><strong>\u00c4nderung des Verwendungszwecks des Objektes\n<br>\nErh\u00f6hung der Kapazit\u00e4ten\n<br>\nAusstattung, zus\u00e4tzliche Ausr\u00fcstung\n<br>\nAnbau von Herstellungs- und Industriehallen.\u200b\n<\/strong>\n<\/p>\n\n\n\n<p><\/p>\n\n\n\n<p>Wir widmen jedem Projekt und der Ausarbeitung von Industrieobjekten und Herstellungshallen individuellen Zugang und lassen uns von den W\u00fcnschen und Anspr\u00fcchen jedes einzelnen Kunden leiten. Wir garantieren f\u00fcr die Sicherheit aller Warenarten, angefangen bei denen, welche die anspruchsvollsten Anforderungen stellen, beispielswiese: Feuchtigkeitsempfindlichkeit, Empfindlichkeit auf Temperaturschwankungen und leicht entz\u00fcndbare Gegenst\u00e4nde.<\/p>\n\n\n\n<p><font style=\"vertical-align: inherit;\"><font style=\"vertical-align: inherit;\">Agricultural halls<\/font><\/font><\/p>\n\n\n\n<p>Wir d\u00fcrfen unsere reiche Erfahrung bei der Errichtung von landwirtschaftlichen Hallen f\u00fcr verschiedene Zwecke hervorheben:<\/p>\n\n\n\n<p><strong>Farmen<\/strong><br><strong>Lagerungen landwirtschaftlicher Maschinen<br>Lagerung von Saatmaterial und Heu<\/strong><\/p>\n\n\n\n<p><strong>Isti\u010demo na\u0161e veliko iskustvo gradnje poljoprivrednih hala za razne namjene:<\/strong><\/p>\n\n\n\n<p>Der Vorteil der Errichtung von Stahlkonstruktionen mit geringeren Anforderungen an das Fundament und die Montage des Objektes am Standort selbst liegt in der Schnelligkeit ihrer Errichtung. Innerhalb kurzer Ausarbeitungs- und Montagefristen k\u00f6nnen wir getrennte Objekte sowie Hilfsobjekte mit Stahlprofilen errichten und die Kombination mit anderen Materialien, wie beispielsweise Holz, Beton und Glas erm\u00f6glichen.<\/p>\n\n\n\n<p><strong>Landwirtschaftliche Hallen k\u00f6nnen:<\/strong><\/p>\n\n\n\n<ul class=\"wp-block-list\">\n<li><em><strong><strong>isoliert,<\/strong><\/strong><\/em><\/li>\n\n\n\n<li><em><strong><strong>aufgeteilt,<\/strong><\/strong><\/em><\/li>\n\n\n\n<li><em><strong><strong>erweitert und<\/strong>,<\/strong><\/em><\/li>\n\n\n\n<li><strong>mit neuen T\u00fcren oder \u00d6ffnungen erg\u00e4nzt werden.\u200b<\/strong><\/li>\n<\/ul>\n\n\n\n<a class=\"image-link-a\" href=\"http:\/\/www.lim-mont.hr\/index.aspx\"><img loading=\"lazy\" decoding=\"async\" width=\"100\" height=\"78\" src=\"https:\/\/md-konstrukcije.hr\/wp-content\/uploads\/2023\/12\/lim-mont.png\" alt=\"\" class=\"wp-image-227\"\/><\/a>\n\n\n\n<div class=\"gallery\"><script>const galleryHTML = \"&lt;div class=\\\"gallery-image\\\" style=\\\"background-image:url(https:\/\/md-konstrukcije.hr\/wp-content\/uploads\/2023\/12\/hale-1.jpg)\\\">&lt;\/div>&lt;div class=\\\"gallery-image\\\" style=\\\"background-image:url(https:\/\/md-konstrukcije.hr\/wp-content\/uploads\/2023\/12\/hale-2.jpg)\\\">&lt;\/div>&lt;div class=\\\"gallery-image\\\" style=\\\"background-image:url(https:\/\/md-konstrukcije.hr\/wp-content\/uploads\/2023\/12\/hale-3.jpg)\\\">&lt;\/div>&lt;div class=\\\"gallery-image\\\" style=\\\"background-image:url(https:\/\/md-konstrukcije.hr\/wp-content\/uploads\/2023\/12\/hale-4.jpg)\\\">&lt;\/div>&lt;div class=\\\"gallery-image\\\" style=\\\"background-image:url(https:\/\/md-konstrukcije.hr\/wp-content\/uploads\/2023\/12\/hale-5.jpg)\\\">&lt;\/div>&lt;div class=\\\"gallery-image\\\" style=\\\"background-image:url(https:\/\/md-konstrukcije.hr\/wp-content\/uploads\/2023\/12\/hale-6.jpg)\\\">&lt;\/div>&lt;div class=\\\"gallery-image\\\" style=\\\"background-image:url(https:\/\/md-konstrukcije.hr\/wp-content\/uploads\/2023\/12\/hale-7.jpg)\\\">&lt;\/div>&lt;div class=\\\"gallery-image\\\" style=\\\"background-image:url(https:\/\/md-konstrukcije.hr\/wp-content\/uploads\/2023\/12\/hale-8.jpg)\\\">&lt;\/div>&lt;div class=\\\"gallery-image\\\" style=\\\"background-image:url(https:\/\/md-konstrukcije.hr\/wp-content\/uploads\/2023\/12\/hale-9.jpg)\\\">&lt;\/div>&lt;div class=\\\"gallery-image\\\" style=\\\"background-image:url(https:\/\/md-konstrukcije.hr\/wp-content\/uploads\/2023\/12\/hale-10.jpg)\\\">&lt;\/div>&lt;div class=\\\"gallery-image\\\" style=\\\"background-image:url(https:\/\/md-konstrukcije.hr\/wp-content\/uploads\/2023\/12\/hale-11.jpg)\\\">&lt;\/div>&lt;div class=\\\"gallery-image\\\" style=\\\"background-image:url(https:\/\/md-konstrukcije.hr\/wp-content\/uploads\/2023\/12\/hale-12.jpg)\\\">&lt;\/div>&lt;div class=\\\"gallery-image\\\" style=\\\"background-image:url(https:\/\/md-konstrukcije.hr\/wp-content\/uploads\/2023\/12\/hale-13.jpg)\\\">&lt;\/div>\"<\/script><div class=\"container\"><h2>Galerija<\/h2><div class=\"images\"><\/div><\/div><\/div>\n\n\n\n<div class=\"wp-block-group youtube-box\"><div class=\"wp-block-group__inner-container is-layout-constrained wp-block-group-is-layout-constrained\">\n<div class=\"wp-block-group container\"><div class=\"wp-block-group__inner-container is-layout-constrained wp-block-group-is-layout-constrained\">\n<h2 class=\"wp-block-heading\">Youtube<\/h2>\n\n\n\n<div id=\"youtube-video-holder\">\n<iframe loading=\"lazy\" width=\"100%\" height=\"100%\" src=\"https:\/\/www.youtube.com\/embed\/9X2-YMzkxgs?rel=0&#038;showinfo=1\" frameborder=\"0\" gesture=\"media\" allow=\"encrypted-media\" allowfullscreen=\"\"><\/iframe>\n<\/div>\n<\/div><\/div>\n<\/div><\/div>\n","protected":false},"excerpt":{"rendered":"<p>Proizvodne hale MD konstrukcije bietet auch Industriehallen an, welche eine praktische L\u00f6sung f\u00fcr eine gro\u00dfe Auswahl von Industrieanlangen darstellen. Industriehallen [&hellip;]<\/p>\n","protected":false},"author":1,"featured_media":0,"parent":0,"menu_order":0,"comment_status":"closed","ping_status":"closed","template":"","meta":{"footnotes":""},"class_list":["post-5249","page","type-page","status-publish","hentry"],"aioseo_notices":[],"_links":{"self":[{"href":"https:\/\/md-konstrukcije.hr\/de\/wp-json\/wp\/v2\/pages\/5249","targetHints":{"allow":["GET"]}}],"collection":[{"href":"https:\/\/md-konstrukcije.hr\/de\/wp-json\/wp\/v2\/pages"}],"about":[{"href":"https:\/\/md-konstrukcije.hr\/de\/wp-json\/wp\/v2\/types\/page"}],"author":[{"embeddable":true,"href":"https:\/\/md-konstrukcije.hr\/de\/wp-json\/wp\/v2\/users\/1"}],"replies":[{"embeddable":true,"href":"https:\/\/md-konstrukcije.hr\/de\/wp-json\/wp\/v2\/comments?post=5249"}],"version-history":[{"count":7,"href":"https:\/\/md-konstrukcije.hr\/de\/wp-json\/wp\/v2\/pages\/5249\/revisions"}],"predecessor-version":[{"id":5260,"href":"https:\/\/md-konstrukcije.hr\/de\/wp-json\/wp\/v2\/pages\/5249\/revisions\/5260"}],"wp:attachment":[{"href":"https:\/\/md-konstrukcije.hr\/de\/wp-json\/wp\/v2\/media?parent=5249"}],"curies":[{"name":"wp","href":"https:\/\/api.w.org\/{rel}","templated":true}]}}