{"id":5239,"date":"2023-12-02T11:24:18","date_gmt":"2023-12-02T11:24:18","guid":{"rendered":"https:\/\/md-konstrukcije.hr\/industriezelte\/"},"modified":"2023-12-02T17:10:05","modified_gmt":"2023-12-02T17:10:05","slug":"industriezelte","status":"publish","type":"page","link":"https:\/\/md-konstrukcije.hr\/de\/industriezelte\/","title":{"rendered":"Industriezelte"},"content":{"rendered":"\n<figure class=\"wp-block-image size-full industry-image\"><a href=\"\/\"><img loading=\"lazy\" decoding=\"async\" width=\"600\" height=\"410\" src=\"https:\/\/md-konstrukcije.hr\/wp-content\/uploads\/2023\/11\/industry.jpg\" alt=\"\" class=\"wp-image-82\" srcset=\"https:\/\/md-konstrukcije.hr\/wp-content\/uploads\/2023\/11\/industry.jpg 600w, https:\/\/md-konstrukcije.hr\/wp-content\/uploads\/2023\/11\/industry-300x205.jpg 300w\" sizes=\"auto, (max-width: 600px) 100vw, 600px\" \/><\/a><\/figure>\n\n\n\n<p>Mit der Ausarbeitung von Stahlkonstruktionen bieten wir Ihnen alle Vorteile der Verwendung, \u00c4sthetik, Wirtschaftlichkeit und Flexibilit\u00e4t an.<\/p>\n\n\n\n<p>Industriezelte erh\u00f6hen die Flexibilit\u00e4t Ihres Gesch\u00e4ftsraumes und Ihrer Herstellung. Der Zweck, Standort, die Produkte und Materialien des Zeltes k\u00f6nnen w\u00e4hrend seiner gesamten Lebensdauer erg\u00e4nzt werden. Die Gr\u00f6\u00dfe, Aufteilung oder Isolierung Ihres Zeltes passen wir Ihren Anforderungen an und bieten bei Bedarf auch Erweiterungen an.<\/p>\n\n\n\n<p>Die Zelte von MD konstrukcija sind ger\u00e4umig und hell. Sie werden ohne St\u00fctzpfeiler ausgearbeitet, so dass der gesamte Raum genutzt werden kann, wodurch ein ungehindertes Man\u00f6vrieren von Maschinen im Zeltinnenraum erm\u00f6glicht wird. Dank der luftdurchl\u00e4ssigen Struktur kann das Feuchtigkeitsniveau im Zelt auf gleichbleibender Stufe gehalten werden, ohne zus\u00e4tzliches Heizen und ohne zus\u00e4tzliche Kosten, w\u00e4hrend des ganzen Jahres, unabh\u00e4ngig von den Wetterbedingungen.<\/p>\n\n\n\n<p><strong>Aus diesen Gr\u00fcnden sind die Zelte vielseitig verwendbar, wie f\u00fcr:<\/strong><\/p>\n\n\n\n<ul class=\"wp-block-list\">\n<li>Lagerung von Holz, Papier, Pappe, Metall<\/li>\n\n\n\n<li>Lagerung von elektronischer Ausstattung und Haushaltsger\u00e4ten<\/li>\n\n\n\n<li>Lagerung von Maschinen und Ausr\u00fcstungen<\/li>\n\n\n\n<li>Schutz landwirtschaftlicher Maschinen<\/li>\n\n\n\n<li>Lagerung von Rohstoffen, Saatmaterial und Tierfutter<\/li>\n<\/ul>\n\n\n\n<p>F\u00fcr die \u00dcberdachung des Zeltes verwenden wir PVC-\u00dcberdachungsmaterialien, welche Schutz vor verschiedenen Wetterbedingungen bieten. Bei unseren MD-Konstruktionen verwenden wir nur die hochwertigsten Materialien, um unseren Kunden Qualit\u00e4t und Sicherheit bieten zu k\u00f6nnen. Allein aus diesem Grunde beziehen wir die PVC-Materialien von einem der besten Unternehmen, der Serge Ferrari\u00a0, dessen Qualit\u00e4t sich weltweit bew\u00e4hrt hat. Die Festigkeit und Farbe der \u00dcberdachungsmaterialien werden den Anforderungen des Kunden und des Projektes selbst angepasst.<\/p>\n\n\n\n<p><strong>Ihnen steht zur Auswahl:<\/strong><\/p>\n\n\n\n<ul class=\"wp-block-list\">\n<li><strong>eine gro\u00dfe Farbplatte f\u00fcr PVC-\u00dcberdachungen<\/strong><\/li>\n\n\n\n<li><strong>Applizierung Ihres Logos<\/strong><\/li>\n\n\n\n<li><strong>Aufdruck von Symbolen und grafischen Elementen<\/strong><\/li>\n\n\n\n<li><strong>Kombination von \u00dcberdachunten (PVC, Panel, Blech)<\/strong><\/li>\n\n\n\n<li><strong>Einfache und doppelte PVC-Wand<\/strong><\/li>\n<\/ul>\n\n\n\n<p><\/p>\n\n\n\n<div class=\"wp-block-group image-links\"><div class=\"wp-block-group__inner-container is-layout-constrained wp-block-group-is-layout-constrained\">\n<a href=\"http:\/\/www.rl-hr.hr\/\"><img loading=\"lazy\" decoding=\"async\" width=\"117\" height=\"33\" src=\"https:\/\/md-konstrukcije.hr\/wp-content\/uploads\/2023\/12\/raiffeisen-leasing.jpg\" alt=\"\" class=\"wp-image-164\"\/><\/a>\n\n\n\n<a href=\"http:\/\/en.sergeferrari.com\/\"><img decoding=\"async\" src=\"https:\/\/md-konstrukcije.hr\/wp-content\/uploads\/2023\/12\/serge-ferrari.jpg\"\/><\/a>\n<\/div><\/div>\n\n\n\n<div class=\"gallery\"><script>const galleryHTML = \"&lt;div class=\\\"gallery-image\\\" style=\\\"background-image:url(https:\/\/md-konstrukcije.hr\/wp-content\/uploads\/2023\/11\/INDUSTRIJSKI-1.jpg)\\\">&lt;\/div>&lt;div class=\\\"gallery-image\\\" style=\\\"background-image:url(https:\/\/md-konstrukcije.hr\/wp-content\/uploads\/2023\/11\/INDUSTRIJSKI-2.jpg)\\\">&lt;\/div>&lt;div class=\\\"gallery-image\\\" style=\\\"background-image:url(https:\/\/md-konstrukcije.hr\/wp-content\/uploads\/2023\/11\/INDUSTRIJSKI-3.jpg)\\\">&lt;\/div>&lt;div class=\\\"gallery-image\\\" style=\\\"background-image:url(https:\/\/md-konstrukcije.hr\/wp-content\/uploads\/2023\/11\/INDUSTRIJSKI-4.jpg)\\\">&lt;\/div>&lt;div class=\\\"gallery-image\\\" style=\\\"background-image:url(https:\/\/md-konstrukcije.hr\/wp-content\/uploads\/2023\/11\/INDUSTRIJSKI-5.jpg)\\\">&lt;\/div>&lt;div class=\\\"gallery-image\\\" style=\\\"background-image:url(https:\/\/md-konstrukcije.hr\/wp-content\/uploads\/2023\/11\/INDUSTRIJSKI-6.jpg)\\\">&lt;\/div>&lt;div class=\\\"gallery-image\\\" style=\\\"background-image:url(https:\/\/md-konstrukcije.hr\/wp-content\/uploads\/2023\/11\/INDUSTRIJSKI-7.jpg)\\\">&lt;\/div>&lt;div class=\\\"gallery-image\\\" style=\\\"background-image:url(https:\/\/md-konstrukcije.hr\/wp-content\/uploads\/2023\/11\/INDUSTRIJSKI-8.jpg)\\\">&lt;\/div>&lt;div class=\\\"gallery-image\\\" style=\\\"background-image:url(https:\/\/md-konstrukcije.hr\/wp-content\/uploads\/2023\/11\/INDUSTRIJSKI-9.jpg)\\\">&lt;\/div>&lt;div class=\\\"gallery-image\\\" style=\\\"background-image:url(https:\/\/md-konstrukcije.hr\/wp-content\/uploads\/2023\/11\/INDUSTRIJSKI-10.jpg)\\\">&lt;\/div>&lt;div class=\\\"gallery-image\\\" style=\\\"background-image:url(https:\/\/md-konstrukcije.hr\/wp-content\/uploads\/2023\/11\/INDUSTRIJSKI-11.jpg)\\\">&lt;\/div>&lt;div class=\\\"gallery-image\\\" style=\\\"background-image:url(https:\/\/md-konstrukcije.hr\/wp-content\/uploads\/2023\/11\/INDUSTRIJSKI-12.jpg)\\\">&lt;\/div>&lt;div class=\\\"gallery-image\\\" style=\\\"background-image:url(https:\/\/md-konstrukcije.hr\/wp-content\/uploads\/2023\/11\/INDUSTRIJSKI-14.jpg)\\\">&lt;\/div>&lt;div class=\\\"gallery-image\\\" style=\\\"background-image:url(https:\/\/md-konstrukcije.hr\/wp-content\/uploads\/2023\/11\/INDUSTRIJSKI-15.jpg)\\\">&lt;\/div>&lt;div class=\\\"gallery-image\\\" style=\\\"background-image:url(https:\/\/md-konstrukcije.hr\/wp-content\/uploads\/2023\/11\/INDUSTRIJSKI-16.jpg)\\\">&lt;\/div>&lt;div class=\\\"gallery-image\\\" style=\\\"background-image:url(https:\/\/md-konstrukcije.hr\/wp-content\/uploads\/2023\/11\/home-link-3.jpg)\\\">&lt;\/div>\"<\/script><div class=\"container\"><h2>Galerija<\/h2><div class=\"images\"><\/div><\/div><\/div>\n\n\n\n<div class=\"wp-block-group youtube-box\"><div class=\"wp-block-group__inner-container is-layout-constrained wp-block-group-is-layout-constrained\">\n<div class=\"wp-block-group container\"><div class=\"wp-block-group__inner-container is-layout-constrained wp-block-group-is-layout-constrained\">\n<h2 class=\"wp-block-heading\">Youtube<\/h2>\n\n\n\n<div id=\"youtube-video-holder\">\n<iframe loading=\"lazy\" width=\"100%\" height=\"100%\" src=\"https:\/\/www.youtube.com\/embed\/0YPgt1uDUPU?rel=0&#038;showinfo=1\" frameborder=\"0\" gesture=\"media\" allow=\"encrypted-media\" allowfullscreen=\"\"><\/iframe>\n<\/div>\n<\/div><\/div>\n<\/div><\/div>\n","protected":false},"excerpt":{"rendered":"<p>Mit der Ausarbeitung von Stahlkonstruktionen bieten wir Ihnen alle Vorteile der Verwendung, \u00c4sthetik, Wirtschaftlichkeit und Flexibilit\u00e4t an. Industriezelte erh\u00f6hen die [&hellip;]<\/p>\n","protected":false},"author":1,"featured_media":0,"parent":0,"menu_order":0,"comment_status":"closed","ping_status":"closed","template":"","meta":{"footnotes":""},"class_list":["post-5239","page","type-page","status-publish","hentry"],"aioseo_notices":[],"_links":{"self":[{"href":"https:\/\/md-konstrukcije.hr\/de\/wp-json\/wp\/v2\/pages\/5239","targetHints":{"allow":["GET"]}}],"collection":[{"href":"https:\/\/md-konstrukcije.hr\/de\/wp-json\/wp\/v2\/pages"}],"about":[{"href":"https:\/\/md-konstrukcije.hr\/de\/wp-json\/wp\/v2\/types\/page"}],"author":[{"embeddable":true,"href":"https:\/\/md-konstrukcije.hr\/de\/wp-json\/wp\/v2\/users\/1"}],"replies":[{"embeddable":true,"href":"https:\/\/md-konstrukcije.hr\/de\/wp-json\/wp\/v2\/comments?post=5239"}],"version-history":[{"count":5,"href":"https:\/\/md-konstrukcije.hr\/de\/wp-json\/wp\/v2\/pages\/5239\/revisions"}],"predecessor-version":[{"id":5246,"href":"https:\/\/md-konstrukcije.hr\/de\/wp-json\/wp\/v2\/pages\/5239\/revisions\/5246"}],"wp:attachment":[{"href":"https:\/\/md-konstrukcije.hr\/de\/wp-json\/wp\/v2\/media?parent=5239"}],"curies":[{"name":"wp","href":"https:\/\/api.w.org\/{rel}","templated":true}]}}