{"id":5234,"date":"2023-12-02T11:20:11","date_gmt":"2023-12-02T11:20:11","guid":{"rendered":"https:\/\/md-konstrukcije.hr\/ueber-uns\/"},"modified":"2023-12-02T16:37:58","modified_gmt":"2023-12-02T16:37:58","slug":"ueber-uns","status":"publish","type":"page","link":"https:\/\/md-konstrukcije.hr\/de\/ueber-uns\/","title":{"rendered":"\u00dcber uns"},"content":{"rendered":"&#13;\n<figure class=\"wp-block-image size-large onama-image-header\"><img loading=\"lazy\" decoding=\"async\" width=\"1024\" height=\"315\" src=\"https:\/\/md-konstrukcije.hr\/wp-content\/uploads\/2023\/11\/onama-header-1024x315.jpg\" alt=\"\" class=\"wp-image-65\" srcset=\"https:\/\/md-konstrukcije.hr\/wp-content\/uploads\/2023\/11\/onama-header-1024x315.jpg 1024w, https:\/\/md-konstrukcije.hr\/wp-content\/uploads\/2023\/11\/onama-header-300x92.jpg 300w, https:\/\/md-konstrukcije.hr\/wp-content\/uploads\/2023\/11\/onama-header-768x236.jpg 768w, https:\/\/md-konstrukcije.hr\/wp-content\/uploads\/2023\/11\/onama-header-1536x473.jpg 1536w, https:\/\/md-konstrukcije.hr\/wp-content\/uploads\/2023\/11\/onama-header-2048x630.jpg 2048w\" sizes=\"auto, (max-width: 1024px) 100vw, 1024px\" \/><\/figure>&#13;\n&#13;\n<p>MD konstrukcije d.o.o. ist ein ambitioniertes Unternehmen, welches im Jahre 2000 mit Sitz in Samobor gegr\u00fcndet worden ist und dessen Herstellungsanlage sich im Gewerbegebiet S\u00fcd in Kotoriba befindet. Das Unternehmen befasst sich haupts\u00e4chlich mit der Projektierung, Herstellung und Montage von Stahlkonstruktionen. Durch den individuellen Zugang auf Kunden bietet unser Ingenieur-Team die M\u00f6glichkeit, an allen Projektstadien, von der Projektierung bis zur Montage, mitzuwirken. MD konstrukcije d.o.o. bietet seinen Kunden hochwertige Dienstleistungen und Produkte an, f\u00fcr welche Sie eine 10-j\u00e4hrige Garantie ausstellt.<\/p>&#13;\n&#13;\n<p>Das Angebot des Unternehmens umfasst Objekte verschiedener Widmungen:<\/p>&#13;\n&#13;\n<p>Industriezelte und -Hallen<\/p>&#13;\n\r\n<ul class=\"wp-block-list\">&#13;\n<li>Landwirtschaftliche Lagerr\u00e4ume, Hallen und Zelte<\/li>&#13;\n\r\n\r\n&#13;\n<li>Flugzeug-Hanger<\/li>&#13;\n\r\n\r\n&#13;\n<li>Herstellungs- und Verarbeitungsanlagen<\/li>&#13;\n\r\n\r\n&#13;\n<li>\u00dcberdachungen<\/li>&#13;\n\r\n\r\n&#13;\n<li>Sporthallen<\/li>&#13;\n\r\n\r\n&#13;\n<li>&#8211;<\/li>&#13;\n<\/ul>\r\n&#13;\n<p>MD konstrukcije d.o.o. ist darum bem\u00fcht, seinen Kunden hochwertige Produkte und Dienstleistungen anzubieten und verbessert es aus diesem Grund seine Arbeitsweise durch st\u00e4ndige Einbringung internationaler Standards und Einholung technischer Zertifikate.<\/p>&#13;\n\r\n<div class=\"wp-block-group row justify-center onama-image-footer\"><div class=\"wp-block-group__inner-container is-layout-constrained wp-block-group-is-layout-constrained\">&#13;\n<figure class=\"wp-block-image size-full\"><img loading=\"lazy\" decoding=\"async\" width=\"300\" height=\"100\" src=\"https:\/\/md-konstrukcije.hr\/wp-content\/uploads\/2023\/11\/onama-footer-left.jpg\" alt=\"\" class=\"wp-image-68\"\/><\/figure>&#13;\n\r\n\r\n&#13;\n<figure class=\"wp-block-image size-full\"><img loading=\"lazy\" decoding=\"async\" width=\"300\" height=\"100\" src=\"https:\/\/md-konstrukcije.hr\/wp-content\/uploads\/2023\/11\/onama-footer-right.png\" alt=\"\" class=\"wp-image-71\"\/><\/figure>&#13;\n<\/div><\/div>\r\n","protected":false},"excerpt":{"rendered":"<p>&#13; MD konstrukcije d.o.o. ist ein ambitioniertes Unternehmen, welches im Jahre 2000 mit Sitz in Samobor gegr\u00fcndet worden ist und [&hellip;]<\/p>\n","protected":false},"author":1,"featured_media":0,"parent":0,"menu_order":0,"comment_status":"closed","ping_status":"closed","template":"","meta":{"footnotes":""},"class_list":["post-5234","page","type-page","status-publish","hentry"],"aioseo_notices":[],"_links":{"self":[{"href":"https:\/\/md-konstrukcije.hr\/de\/wp-json\/wp\/v2\/pages\/5234","targetHints":{"allow":["GET"]}}],"collection":[{"href":"https:\/\/md-konstrukcije.hr\/de\/wp-json\/wp\/v2\/pages"}],"about":[{"href":"https:\/\/md-konstrukcije.hr\/de\/wp-json\/wp\/v2\/types\/page"}],"author":[{"embeddable":true,"href":"https:\/\/md-konstrukcije.hr\/de\/wp-json\/wp\/v2\/users\/1"}],"replies":[{"embeddable":true,"href":"https:\/\/md-konstrukcije.hr\/de\/wp-json\/wp\/v2\/comments?post=5234"}],"version-history":[{"count":1,"href":"https:\/\/md-konstrukcije.hr\/de\/wp-json\/wp\/v2\/pages\/5234\/revisions"}],"predecessor-version":[{"id":5235,"href":"https:\/\/md-konstrukcije.hr\/de\/wp-json\/wp\/v2\/pages\/5234\/revisions\/5235"}],"wp:attachment":[{"href":"https:\/\/md-konstrukcije.hr\/de\/wp-json\/wp\/v2\/media?parent=5234"}],"curies":[{"name":"wp","href":"https:\/\/api.w.org\/{rel}","templated":true}]}}